{"id":1035,"date":"2026-02-05T02:32:07","date_gmt":"2026-02-05T02:32:07","guid":{"rendered":"https:\/\/citamtm.org\/?page_id=1035"},"modified":"2026-02-19T15:38:53","modified_gmt":"2026-02-19T15:38:53","slug":"sobre-el-cit","status":"publish","type":"page","link":"https:\/\/citamtm.org\/?page_id=1035","title":{"rendered":"Sobre el CIT"},"content":{"rendered":"\n<div style=\"height:28px\" aria-hidden=\"true\" class=\"wp-block-spacer\"><\/div>\n\n\n\n<figure class=\"wp-block-image alignwide size-large\"><img loading=\"lazy\" decoding=\"async\" width=\"1024\" height=\"411\" src=\"https:\/\/citamtm.org\/wp-content\/uploads\/2026\/02\/493737924_29857864783811783_6402830143693169880_n-1024x411.jpg\" alt=\"\" class=\"wp-image-1066\" srcset=\"https:\/\/citamtm.org\/wp-content\/uploads\/2026\/02\/493737924_29857864783811783_6402830143693169880_n-1024x411.jpg 1024w, https:\/\/citamtm.org\/wp-content\/uploads\/2026\/02\/493737924_29857864783811783_6402830143693169880_n-300x120.jpg 300w, https:\/\/citamtm.org\/wp-content\/uploads\/2026\/02\/493737924_29857864783811783_6402830143693169880_n-768x308.jpg 768w, https:\/\/citamtm.org\/wp-content\/uploads\/2026\/02\/493737924_29857864783811783_6402830143693169880_n-1536x617.jpg 1536w, https:\/\/citamtm.org\/wp-content\/uploads\/2026\/02\/493737924_29857864783811783_6402830143693169880_n.jpg 2048w\" sizes=\"auto, (max-width: 1024px) 100vw, 1024px\" \/><\/figure>\n\n\n\n<div style=\"height:28px\" aria-hidden=\"true\" class=\"wp-block-spacer\"><\/div>\n\n\n\n<p><em>Acelerando el cambio del transporte; personas, energ\u00edas y sostenibilidad<\/em>&nbsp;es el nombre del 17\u00ba Congreso Internacional de Transporte (17CIT), un encuentro que responde a la urgencia global de transformar los sistemas de transporte tradicionales hacia modelos m\u00e1s sostenibles, eficientes y equitativos.&nbsp;<\/p>\n\n\n\n<p>Su objetivo es&nbsp;fomentar el intercambio de experiencias y conocimientos, impulsar la transici\u00f3n energ\u00e9tica del sector, promover la inclusi\u00f3n social y el enfoque centrado en las personas, facilitar alianzas estrat\u00e9gicas y difundir estrategias para la sostenibilidad<\/p>\n\n\n\n<p>El congreso convoca a una&nbsp;amplia diversidad de actores, entre autoridades y responsables de pol\u00edtica p\u00fablica, operadores de transporte p\u00fablico, industria de buses y tecnolog\u00eda, especialistas nacionales e internacionales, as\u00ed como representantes de la academia y centros de investigaci\u00f3n<\/p>\n\n\n\n<div style=\"height:28px\" aria-hidden=\"true\" class=\"wp-block-spacer\"><\/div>\n\n\n\n<figure class=\"wp-block-image alignwide size-large\"><img loading=\"lazy\" decoding=\"async\" width=\"1024\" height=\"668\" src=\"https:\/\/citamtm.org\/wp-content\/uploads\/2026\/02\/493507643_29857862760478652_7034582036796457469_n-1024x668.jpg\" alt=\"\" class=\"wp-image-1072\" srcset=\"https:\/\/citamtm.org\/wp-content\/uploads\/2026\/02\/493507643_29857862760478652_7034582036796457469_n-1024x668.jpg 1024w, https:\/\/citamtm.org\/wp-content\/uploads\/2026\/02\/493507643_29857862760478652_7034582036796457469_n-300x196.jpg 300w, https:\/\/citamtm.org\/wp-content\/uploads\/2026\/02\/493507643_29857862760478652_7034582036796457469_n-768x501.jpg 768w, https:\/\/citamtm.org\/wp-content\/uploads\/2026\/02\/493507643_29857862760478652_7034582036796457469_n-1536x1002.jpg 1536w, https:\/\/citamtm.org\/wp-content\/uploads\/2026\/02\/493507643_29857862760478652_7034582036796457469_n.jpg 1730w\" sizes=\"auto, (max-width: 1024px) 100vw, 1024px\" \/><\/figure>\n\n\n\n<div style=\"height:28px\" aria-hidden=\"true\" class=\"wp-block-spacer\"><\/div>\n\n\n\n<p>La idea es documentar y difundir buenas pr\u00e1cticas&nbsp;de ciudades y regiones que han avanzado en la modernizaci\u00f3n del transporte, la reducci\u00f3n de emisiones, la eficiencia operativa o la inclusi\u00f3n social. Tambi\u00e9n divulgar recomendaciones para pol\u00edticas p\u00fablicas y regulaciones sectoriales&nbsp;que alineen la movilidad con metas de desarrollo sostenible y la transici\u00f3n energ\u00e9tica.&nbsp;<\/p>\n\n\n\n<p>Asimismo, hacer propuestas de colaboraci\u00f3n entre sectores&nbsp;para inversiones, innovaci\u00f3n tecnol\u00f3gica, programas piloto y formaci\u00f3n de capacidades, as\u00ed como contribuir al di\u00e1logo global sobre transporte sostenible, al fortalecer las redes entre gobiernos, industria, operadores y sociedad civil.<\/p>\n\n\n\n<div style=\"height:28px\" aria-hidden=\"true\" class=\"wp-block-spacer\"><\/div>\n\n\n\n<figure class=\"wp-block-image alignwide size-large\"><a href=\"https:\/\/cit2026.confirmaciones.com.mx\/index.php\"><img loading=\"lazy\" decoding=\"async\" width=\"1024\" height=\"46\" src=\"https:\/\/citamtm.org\/wp-content\/uploads\/2026\/02\/Cintillo-1-1024x46.png\" alt=\"\" class=\"wp-image-1051\" srcset=\"https:\/\/citamtm.org\/wp-content\/uploads\/2026\/02\/Cintillo-1-1024x46.png 1024w, https:\/\/citamtm.org\/wp-content\/uploads\/2026\/02\/Cintillo-1-300x14.png 300w, https:\/\/citamtm.org\/wp-content\/uploads\/2026\/02\/Cintillo-1-768x35.png 768w, https:\/\/citamtm.org\/wp-content\/uploads\/2026\/02\/Cintillo-1-1536x70.png 1536w, https:\/\/citamtm.org\/wp-content\/uploads\/2026\/02\/Cintillo-1.png 1920w\" sizes=\"auto, (max-width: 1024px) 100vw, 1024px\" \/><\/a><\/figure>\n\n\n\n<div style=\"height:313px\" aria-hidden=\"true\" class=\"wp-block-spacer\"><\/div>\n\n\n\n<p><\/p>\n","protected":false},"excerpt":{"rendered":"<p>Acelerando el cambio del transporte; personas, energ\u00edas y sostenibilidad&nbsp;es el nombre del 17\u00ba Congreso Internacional de Transporte (17CIT), un encuentro que responde a la urgencia global de transformar los sistemas de transporte tradicionales hacia modelos m\u00e1s sostenibles, eficientes y equitativos.&nbsp; Su objetivo es&nbsp;fomentar el intercambio de experiencias y conocimientos, impulsar la transici\u00f3n energ\u00e9tica del sector,&hellip;&nbsp;<a href=\"https:\/\/citamtm.org\/?page_id=1035\" rel=\"bookmark\">Read More &raquo;<span class=\"screen-reader-text\">Sobre el CIT<\/span><\/a><\/p>\n","protected":false},"author":1,"featured_media":0,"parent":0,"menu_order":0,"comment_status":"closed","ping_status":"closed","template":"","meta":{"neve_meta_sidebar":"","neve_meta_container":"","neve_meta_enable_content_width":"","neve_meta_content_width":0,"neve_meta_title_alignment":"","neve_meta_author_avatar":"","neve_post_elements_order":"","neve_meta_disable_header":"","neve_meta_disable_footer":"","neve_meta_disable_title":"on","footnotes":""},"class_list":["post-1035","page","type-page","status-publish","hentry"],"_links":{"self":[{"href":"https:\/\/citamtm.org\/index.php?rest_route=\/wp\/v2\/pages\/1035","targetHints":{"allow":["GET"]}}],"collection":[{"href":"https:\/\/citamtm.org\/index.php?rest_route=\/wp\/v2\/pages"}],"about":[{"href":"https:\/\/citamtm.org\/index.php?rest_route=\/wp\/v2\/types\/page"}],"author":[{"embeddable":true,"href":"https:\/\/citamtm.org\/index.php?rest_route=\/wp\/v2\/users\/1"}],"replies":[{"embeddable":true,"href":"https:\/\/citamtm.org\/index.php?rest_route=%2Fwp%2Fv2%2Fcomments&post=1035"}],"version-history":[{"count":13,"href":"https:\/\/citamtm.org\/index.php?rest_route=\/wp\/v2\/pages\/1035\/revisions"}],"predecessor-version":[{"id":1078,"href":"https:\/\/citamtm.org\/index.php?rest_route=\/wp\/v2\/pages\/1035\/revisions\/1078"}],"wp:attachment":[{"href":"https:\/\/citamtm.org\/index.php?rest_route=%2Fwp%2Fv2%2Fmedia&parent=1035"}],"curies":[{"name":"wp","href":"https:\/\/api.w.org\/{rel}","templated":true}]}}